{"id":26,"date":"2023-10-25T15:56:36","date_gmt":"2023-10-25T13:56:36","guid":{"rendered":"https:\/\/wordpress.vecurosoft.com\/travolo\/?page_id=26"},"modified":"2026-01-11T15:26:51","modified_gmt":"2026-01-11T15:26:51","slug":"contact","status":"publish","type":"page","link":"https:\/\/ahegypttrips.com\/fr\/contact\/","title":{"rendered":"Contact"},"content":{"rendered":"<div data-elementor-type=\"wp-page\" data-elementor-id=\"26\" class=\"elementor elementor-26\">\n\t\t\t\t<div class=\"elementor-element elementor-element-5b02e2b e-con-full e-flex e-con e-parent\" data-id=\"5b02e2b\" data-element_type=\"container\" data-e-type=\"container\" data-settings=\"{&quot;background_background&quot;:&quot;classic&quot;}\">\n\t\t<div class=\"elementor-element elementor-element-a36286e e-flex e-con-boxed e-con e-child\" data-id=\"a36286e\" data-element_type=\"container\" data-e-type=\"container\">\n\t\t\t\t\t<div class=\"e-con-inner\">\n\t\t<div class=\"elementor-element elementor-element-c5b8325 e-flex e-con-boxed e-con e-child\" data-id=\"c5b8325\" data-element_type=\"container\" data-e-type=\"container\" data-settings=\"{&quot;background_background&quot;:&quot;classic&quot;}\">\n\t\t\t\t\t<div class=\"e-con-inner\">\n\t\t<div class=\"elementor-element elementor-element-f9be56c e-con-full e-flex e-con e-child\" data-id=\"f9be56c\" data-element_type=\"container\" data-e-type=\"container\">\n\t\t\t\t<div class=\"elementor-element elementor-element-d383d79 elementor-widget elementor-widget-travolocontactbox\" data-id=\"d383d79\" data-element_type=\"widget\" data-e-type=\"widget\" data-widget_type=\"travolocontactbox.default\">\n\t\t\t\t<div class=\"elementor-widget-container\">\n\t\t\t\t\t        <div class=\"contact-box\">\n                            <div class=\"contact-box_icon\">\n                    <i class=\"fas fa-map-marked-alt\"><\/i>\n                <\/div>\n                        \n                            <h3 class=\"contact-box__title h5\">\n                    Adresse                <\/h3>\n            \n                            \n                <p class=\"contact-box__text\"><br \/>Sheraton St, Hurghada, Egypt<\/p>              \n                    <\/div>\n        \t\t\t\t<\/div>\n\t\t\t\t<\/div>\n\t\t\t\t<\/div>\n\t\t<div class=\"elementor-element elementor-element-2393229 e-con-full e-flex e-con e-child\" data-id=\"2393229\" data-element_type=\"container\" data-e-type=\"container\">\n\t\t\t\t<div class=\"elementor-element elementor-element-553451b elementor-widget elementor-widget-travolocontactbox\" data-id=\"553451b\" data-element_type=\"widget\" data-e-type=\"widget\" data-widget_type=\"travolocontactbox.default\">\n\t\t\t\t<div class=\"elementor-widget-container\">\n\t\t\t\t\t        <div class=\"contact-box\">\n                            <div class=\"contact-box_icon\">\n                    <i class=\"fas fa-address-card\"><\/i>\n                <\/div>\n                        \n                            <h3 class=\"contact-box__title h5\">\n                    Contact                <\/h3>\n            \n                            \n                <ul class=\"contact-box_list\"><li>Mobile: <a href=\"tel:+32479915527\" target=\"_blank\" rel=\"nofollow noopener\">+32479915527<\/a><\/li><li>Mail: <a href=\"mailto:info@ahegypttrips.com\">info@ahegypttrips.com<\/a><\/li><\/ul>              \n                    <\/div>\n        \t\t\t\t<\/div>\n\t\t\t\t<\/div>\n\t\t\t\t<\/div>\n\t\t<div class=\"elementor-element elementor-element-b4fdc2b e-con-full e-flex e-con e-child\" data-id=\"b4fdc2b\" data-element_type=\"container\" data-e-type=\"container\">\n\t\t\t\t<div class=\"elementor-element elementor-element-c529d2b elementor-widget elementor-widget-travolocontactbox\" data-id=\"c529d2b\" data-element_type=\"widget\" data-e-type=\"widget\" data-widget_type=\"travolocontactbox.default\">\n\t\t\t\t<div class=\"elementor-widget-container\">\n\t\t\t\t\t        <div class=\"contact-box\">\n                            <div class=\"contact-box_icon\">\n                    <i class=\"fas fa-clock\"><\/i>\n                <\/div>\n                        \n                            <h3 class=\"contact-box__title h5\">\n                    Heures d'ouverture                <\/h3>\n            \n                            \n                <ul class=\"contact-box_list\"><li>Monday - Friday: 8:30 - 22:00<\/li><li>Saturday &amp; Sunday: 9:30 - 21:30<\/li><\/ul>              \n                    <\/div>\n        \t\t\t\t<\/div>\n\t\t\t\t<\/div>\n\t\t\t\t<\/div>\n\t\t\t\t\t<\/div>\n\t\t\t\t<\/div>\n\t\t\t\t\t<\/div>\n\t\t\t\t<\/div>\n\t\t\t\t<\/div>\n\t\t<div class=\"elementor-element elementor-element-d897d2b e-flex e-con-boxed e-con e-parent\" data-id=\"d897d2b\" data-element_type=\"container\" data-e-type=\"container\" data-settings=\"{&quot;background_background&quot;:&quot;classic&quot;}\">\n\t\t\t\t\t<div class=\"e-con-inner\">\n\t\t<div class=\"elementor-element elementor-element-7fe6a59 e-flex e-con-boxed e-con e-child\" data-id=\"7fe6a59\" data-element_type=\"container\" data-e-type=\"container\">\n\t\t\t\t\t<div class=\"e-con-inner\">\n\t\t\t\t<div class=\"elementor-element elementor-element-3857b7b elementor-widget elementor-widget-travolosectiontitle\" data-id=\"3857b7b\" data-element_type=\"widget\" data-e-type=\"widget\" data-widget_type=\"travolosectiontitle.default\">\n\t\t\t\t<div class=\"elementor-widget-container\">\n\t\t\t\t\t<!-- Section Title --><div class=\"title-area\" ><span class=\"sec-subtitle\">Contactez-nous<\/span><h1 class=\"sec-title title-selector\">Prenez Contact<\/h1><p class=\"sec-text\">Nous serions ravis d\u2019avoir de vos nouvelles ! Que vous soyez pr\u00eat \u00e0 r\u00e9server votre prochaine aventure ou que vous ayez simplement quelques questions, notre \u00e9quipe est l\u00e0 pour vous aider. Contactez-nous d\u00e8s aujourd\u2019hui et commen\u00e7ons \u00e0 planifier votre exp\u00e9rience inoubliable \u00e0 Hurghada avec A&amp;H Egypt Trips.<\/p><\/div><!-- End Section Title -->\t\t\t\t<\/div>\n\t\t\t\t<\/div>\n\t\t\t\t\t<\/div>\n\t\t\t\t<\/div>\n\t\t<div class=\"elementor-element elementor-element-7cef427 e-con-full e-flex e-con e-child\" data-id=\"7cef427\" data-element_type=\"container\" data-e-type=\"container\">\n\t\t\t\t<div class=\"elementor-element elementor-element-deffcab elementor-widget elementor-widget-shortcode\" data-id=\"deffcab\" data-element_type=\"widget\" data-e-type=\"widget\" data-widget_type=\"shortcode.default\">\n\t\t\t\t\t\t\t<div class=\"elementor-shortcode\">\n<div class=\"wpcf7 no-js\" id=\"wpcf7-f1460-o1\" lang=\"en-US\" dir=\"ltr\" data-wpcf7-id=\"1460\">\n<div class=\"screen-reader-response\"><p role=\"status\" aria-live=\"polite\" aria-atomic=\"true\"><\/p> <ul><\/ul><\/div>\n<form action=\"\/fr\/wp-json\/wp\/v2\/pages\/26#wpcf7-f1460-o1\" method=\"post\" class=\"wpcf7-form init\" aria-label=\"Contact form\" novalidate=\"novalidate\" data-status=\"init\" data-trp-original-action=\"\/fr\/wp-json\/wp\/v2\/pages\/26#wpcf7-f1460-o1\">\n<fieldset class=\"hidden-fields-container\"><input type=\"hidden\" name=\"_wpcf7\" value=\"1460\" \/><input type=\"hidden\" name=\"_wpcf7_version\" value=\"6.1.5\" \/><input type=\"hidden\" name=\"_wpcf7_locale\" value=\"en_US\" \/><input type=\"hidden\" name=\"_wpcf7_unit_tag\" value=\"wpcf7-f1460-o1\" \/><input type=\"hidden\" name=\"_wpcf7_container_post\" value=\"0\" \/><input type=\"hidden\" name=\"_wpcf7_posted_data_hash\" value=\"\" \/>\n<\/fieldset>\n<div class=\"row justify-content-center\">\n  <div class=\"col-md-6 form-group\">\n    <span class=\"wpcf7-form-control-wrap\" data-name=\"text-718\"><input size=\"40\" maxlength=\"400\" class=\"wpcf7-form-control wpcf7-text wpcf7-validates-as-required form-control\" aria-required=\"true\" aria-invalid=\"false\" placeholder=\"Votre Pr\u00e9nom\" value=\"\" type=\"text\" name=\"text-718\" \/><\/span>\n  <\/div>\n  <div class=\"col-md-6 form-group\">\n    <span class=\"wpcf7-form-control-wrap\" data-name=\"lname\"><input size=\"40\" maxlength=\"400\" class=\"wpcf7-form-control wpcf7-text wpcf7-validates-as-required form-control\" aria-required=\"true\" aria-invalid=\"false\" placeholder=\"Votre Nom de Famille\" value=\"\" type=\"text\" name=\"lname\" \/><\/span>\n  <\/div>\n  <div class=\"col-md-6 form-group\">\n    <span class=\"wpcf7-form-control-wrap\" data-name=\"email\"><input size=\"40\" maxlength=\"400\" class=\"wpcf7-form-control wpcf7-email wpcf7-validates-as-required wpcf7-text wpcf7-validates-as-email form-control\" aria-required=\"true\" aria-invalid=\"false\" placeholder=\"Votre Email\" value=\"\" type=\"email\" name=\"email\" \/><\/span>\n  <\/div>\n  <div class=\"col-md-6 form-group\">\n    <span class=\"wpcf7-form-control-wrap\" data-name=\"number\"><input size=\"40\" maxlength=\"400\" class=\"wpcf7-form-control wpcf7-tel wpcf7-text wpcf7-validates-as-tel form-control\" aria-invalid=\"false\" placeholder=\"Votre Num\u00e9ro de T\u00e9l\u00e9phone\" value=\"\" type=\"tel\" name=\"number\" \/><\/span>\n  <\/div>\n  <div class=\"form-group col-12\">\n    <span class=\"wpcf7-form-control-wrap\" data-name=\"message\"><textarea cols=\"40\" rows=\"10\" maxlength=\"2000\" class=\"wpcf7-form-control wpcf7-textarea wpcf7-validates-as-required form-control\" aria-required=\"true\" aria-invalid=\"false\" placeholder=\"\u00c9crivez Votre Message\" name=\"message\"><\/textarea><\/span>\n  <\/div>\n  <div class=\"col-md-auto\">\n    <button type=\"submit\" class=\"vs-btn style4 wpcf7-submit\">Envoyer le Message<\/button>\n  <\/div>\n<\/div><div class=\"wpcf7-response-output\" aria-hidden=\"true\"><\/div>\n<input type=\"hidden\" name=\"trp-form-language\" value=\"fr\"\/><\/form>\n<\/div>\n<\/div>\n\t\t\t\t\t\t<\/div>\n\t\t\t\t<\/div>\n\t\t\t\t\t<\/div>\n\t\t\t\t<\/div>\n\t\t<div class=\"elementor-element elementor-element-e976189 e-flex e-con-boxed e-con e-parent\" data-id=\"e976189\" data-element_type=\"container\" data-e-type=\"container\">\n\t\t\t\t\t<div class=\"e-con-inner\">\n\t\t\t\t<div class=\"elementor-element elementor-element-7434e82 elementor-widget elementor-widget-travolosectiontitle\" data-id=\"7434e82\" data-element_type=\"widget\" data-e-type=\"widget\" data-widget_type=\"travolosectiontitle.default\">\n\t\t\t\t<div class=\"elementor-widget-container\">\n\t\t\t\t\t<!-- Section Title --><div class=\"title-area\" ><span class=\"sec-subtitle\">D\u00e9couvrez. Vivez. Profitez de Hurghada avec nous !<\/span><h1 class=\"sec-title title-selector\">Rejoignez-nous et explorez Hurghada comme il se doit !<br>Au-dessus et au-dessous de la mer !<\/h1><\/div><!-- End Section Title -->\t\t\t\t<\/div>\n\t\t\t\t<\/div>\n\t\t\t\t\t<\/div>\n\t\t\t\t<\/div>\n\t\t<div class=\"elementor-element elementor-element-4b4603f e-flex e-con-boxed e-con e-child\" data-id=\"4b4603f\" data-element_type=\"container\" data-e-type=\"container\">\n\t\t\t\t\t<div class=\"e-con-inner\">\n\t\t\t\t<div class=\"elementor-element elementor-element-b0ee3ab elementor-widget elementor-widget-wptravelengine-trip-types\" data-id=\"b0ee3ab\" data-element_type=\"widget\" data-e-type=\"widget\" data-widget_type=\"wptravelengine-trip-types.default\">\n\t\t\t\t<div class=\"elementor-widget-container\">\n\t\t\t\t\t<div class=\"wp-block-wptravelengine wpte-gblock-wrapper wpte-elementor-widget\">\n\t<div class=\"category-grid wte-d-flex wte-layout-grid wpte-trip-list-wrapper default  wte-col-2 full-width\">\n\t<div class=\"wpte-trip-category style-1\">\n\t<div class=\"wpte-inner-container\">\n\t\t<div class=\"wpte-trip-category-img-wrap\">\n\t\t\t<figure class=\"thumbnail\">\n\t\t\t\t\t\t\t\t<a href=\"https:\/\/ahegypttrips.com\/fr\/trip-types\/adventure-tours\/\">\n\t\t\t\t\t<img decoding=\"async\" data-src=\"https:\/\/ahegypttrips.com\/wp-content\/uploads\/2025\/11\/Adventure-Tours-900x490.png\" alt=\"Tours d&#039;Aventure\" src=\"data:image\/svg+xml;base64,PHN2ZyB3aWR0aD0iMSIgaGVpZ2h0PSIxIiB4bWxucz0iaHR0cDovL3d3dy53My5vcmcvMjAwMC9zdmciPjwvc3ZnPg==\" class=\"lazyload\" style=\"--smush-placeholder-width: 900px; --smush-placeholder-aspect-ratio: 900\/490;\" \/>\n\t\t\t\t<\/a>\n\t\t\t\t\t\t\t<\/figure>\n\t\t<\/div>\n\t\t\t\t\t<div class=\"wpte-trip-category-text-wrap\">\n\t\t\t\t<h2 class=\"wpte-trip-category-title\"><a href=\"https:\/\/ahegypttrips.com\/fr\/trip-types\/adventure-tours\/\">Excursions Aventure<\/a>\n\t\t\t\t\t\t\t\t\t\t<span class=\"trip-count\">8 Voyages Incontournables<\/span>\n\t\t\t\t\t\t\t\t\t<span class=\"wpte-icon\">\n\t\t\t\t\t\t\t\t\t\t\t\t<svg width=\"16\" height=\"18\" viewbox=\"0 0 16 18\" fill=\"none\" xmlns=\"http:\/\/www.w3.org\/2000\/svg\"><path d=\"M15.8933 8.49342C15.8299 8.32975 15.7347 8.18022 15.6133 8.05342L8.94667 1.38675C8.82235 1.26243 8.67476 1.16382 8.51233 1.09654C8.3499 1.02926 8.17581 0.994629 8 0.994629C7.64493 0.994629 7.30441 1.13568 7.05333 1.38675C6.92902 1.51107 6.8304 1.65866 6.76312 1.82109C6.69584 1.98352 6.66121 2.15761 6.66121 2.33342C6.66121 2.68849 6.80226 3.02901 7.05333 3.28008L11.4533 7.66675H1.33333C0.979711 7.66675 0.640573 7.80723 0.390525 8.05728C0.140476 8.30733 0 8.64646 0 9.00009C0 9.35371 0.140476 9.69285 0.390525 9.94289C0.640573 10.1929 0.979711 10.3334 1.33333 10.3334H11.4533L7.05333 14.7201C6.92836 14.844 6.82917 14.9915 6.76148 15.154C6.69379 15.3165 6.65894 15.4907 6.65894 15.6668C6.65894 15.8428 6.69379 16.017 6.76148 16.1795C6.82917 16.342 6.92836 16.4895 7.05333 16.6134C7.17728 16.7384 7.32475 16.8376 7.48723 16.9053C7.64971 16.973 7.82398 17.0078 8 17.0078C8.17602 17.0078 8.35029 16.973 8.51277 16.9053C8.67525 16.8376 8.82272 16.7384 8.94667 16.6134L15.6133 9.94675C15.7347 9.81995 15.8299 9.67042 15.8933 9.50675C16.0267 9.18214 16.0267 8.81803 15.8933 8.49342Z\" fill=\"#2183DF\" \/><\/svg>\n\t\t\t\t\t\t\t\t\t\t\t\t<\/span>\n\t\t\t<\/h2>\n\t\t<\/div>\n\t\t\t<\/div>\n<\/div>\n<div class=\"wpte-trip-category style-1\">\n\t<div class=\"wpte-inner-container\">\n\t\t<div class=\"wpte-trip-category-img-wrap\">\n\t\t\t<figure class=\"thumbnail\">\n\t\t\t\t\t\t\t\t<a href=\"https:\/\/ahegypttrips.com\/fr\/trip-types\/family-tours\/\">\n\t\t\t\t\t<img decoding=\"async\" data-src=\"https:\/\/ahegypttrips.com\/wp-content\/uploads\/2025\/11\/Family-Tours-900x490.png\" alt=\"Excursions en Famille\" src=\"data:image\/svg+xml;base64,PHN2ZyB3aWR0aD0iMSIgaGVpZ2h0PSIxIiB4bWxucz0iaHR0cDovL3d3dy53My5vcmcvMjAwMC9zdmciPjwvc3ZnPg==\" class=\"lazyload\" style=\"--smush-placeholder-width: 900px; --smush-placeholder-aspect-ratio: 900\/490;\" \/>\n\t\t\t\t<\/a>\n\t\t\t\t\t\t\t<\/figure>\n\t\t<\/div>\n\t\t\t\t\t<div class=\"wpte-trip-category-text-wrap\">\n\t\t\t\t<h2 class=\"wpte-trip-category-title\"><a href=\"https:\/\/ahegypttrips.com\/fr\/trip-types\/family-tours\/\">Excursions en Famille<\/a>\n\t\t\t\t\t\t\t\t\t\t<span class=\"trip-count\">21 Voyages Incontournables<\/span>\n\t\t\t\t\t\t\t\t\t<span class=\"wpte-icon\">\n\t\t\t\t\t\t\t\t\t\t\t\t<svg width=\"16\" height=\"18\" viewbox=\"0 0 16 18\" fill=\"none\" xmlns=\"http:\/\/www.w3.org\/2000\/svg\"><path d=\"M15.8933 8.49342C15.8299 8.32975 15.7347 8.18022 15.6133 8.05342L8.94667 1.38675C8.82235 1.26243 8.67476 1.16382 8.51233 1.09654C8.3499 1.02926 8.17581 0.994629 8 0.994629C7.64493 0.994629 7.30441 1.13568 7.05333 1.38675C6.92902 1.51107 6.8304 1.65866 6.76312 1.82109C6.69584 1.98352 6.66121 2.15761 6.66121 2.33342C6.66121 2.68849 6.80226 3.02901 7.05333 3.28008L11.4533 7.66675H1.33333C0.979711 7.66675 0.640573 7.80723 0.390525 8.05728C0.140476 8.30733 0 8.64646 0 9.00009C0 9.35371 0.140476 9.69285 0.390525 9.94289C0.640573 10.1929 0.979711 10.3334 1.33333 10.3334H11.4533L7.05333 14.7201C6.92836 14.844 6.82917 14.9915 6.76148 15.154C6.69379 15.3165 6.65894 15.4907 6.65894 15.6668C6.65894 15.8428 6.69379 16.017 6.76148 16.1795C6.82917 16.342 6.92836 16.4895 7.05333 16.6134C7.17728 16.7384 7.32475 16.8376 7.48723 16.9053C7.64971 16.973 7.82398 17.0078 8 17.0078C8.17602 17.0078 8.35029 16.973 8.51277 16.9053C8.67525 16.8376 8.82272 16.7384 8.94667 16.6134L15.6133 9.94675C15.7347 9.81995 15.8299 9.67042 15.8933 9.50675C16.0267 9.18214 16.0267 8.81803 15.8933 8.49342Z\" fill=\"#2183DF\" \/><\/svg>\n\t\t\t\t\t\t\t\t\t\t\t\t<\/span>\n\t\t\t<\/h2>\n\t\t<\/div>\n\t\t\t<\/div>\n<\/div>\n<div class=\"wpte-trip-category style-1\">\n\t<div class=\"wpte-inner-container\">\n\t\t<div class=\"wpte-trip-category-img-wrap\">\n\t\t\t<figure class=\"thumbnail\">\n\t\t\t\t\t\t\t\t<a href=\"https:\/\/ahegypttrips.com\/fr\/trip-types\/sea-trips\/\">\n\t\t\t\t\t<img decoding=\"async\" data-src=\"https:\/\/ahegypttrips.com\/wp-content\/uploads\/2025\/11\/Sea-Trips-900x490.png\" alt=\"Excursions en Mer\" src=\"data:image\/svg+xml;base64,PHN2ZyB3aWR0aD0iMSIgaGVpZ2h0PSIxIiB4bWxucz0iaHR0cDovL3d3dy53My5vcmcvMjAwMC9zdmciPjwvc3ZnPg==\" class=\"lazyload\" style=\"--smush-placeholder-width: 900px; --smush-placeholder-aspect-ratio: 900\/490;\" \/>\n\t\t\t\t<\/a>\n\t\t\t\t\t\t\t<\/figure>\n\t\t<\/div>\n\t\t\t\t\t<div class=\"wpte-trip-category-text-wrap\">\n\t\t\t\t<h2 class=\"wpte-trip-category-title\"><a href=\"https:\/\/ahegypttrips.com\/fr\/trip-types\/sea-trips\/\">Excursions en Mer<\/a>\n\t\t\t\t\t\t\t\t\t\t<span class=\"trip-count\">13 Voyages Incontournables<\/span>\n\t\t\t\t\t\t\t\t\t<span class=\"wpte-icon\">\n\t\t\t\t\t\t\t\t\t\t\t\t<svg width=\"16\" height=\"18\" viewbox=\"0 0 16 18\" fill=\"none\" xmlns=\"http:\/\/www.w3.org\/2000\/svg\"><path d=\"M15.8933 8.49342C15.8299 8.32975 15.7347 8.18022 15.6133 8.05342L8.94667 1.38675C8.82235 1.26243 8.67476 1.16382 8.51233 1.09654C8.3499 1.02926 8.17581 0.994629 8 0.994629C7.64493 0.994629 7.30441 1.13568 7.05333 1.38675C6.92902 1.51107 6.8304 1.65866 6.76312 1.82109C6.69584 1.98352 6.66121 2.15761 6.66121 2.33342C6.66121 2.68849 6.80226 3.02901 7.05333 3.28008L11.4533 7.66675H1.33333C0.979711 7.66675 0.640573 7.80723 0.390525 8.05728C0.140476 8.30733 0 8.64646 0 9.00009C0 9.35371 0.140476 9.69285 0.390525 9.94289C0.640573 10.1929 0.979711 10.3334 1.33333 10.3334H11.4533L7.05333 14.7201C6.92836 14.844 6.82917 14.9915 6.76148 15.154C6.69379 15.3165 6.65894 15.4907 6.65894 15.6668C6.65894 15.8428 6.69379 16.017 6.76148 16.1795C6.82917 16.342 6.92836 16.4895 7.05333 16.6134C7.17728 16.7384 7.32475 16.8376 7.48723 16.9053C7.64971 16.973 7.82398 17.0078 8 17.0078C8.17602 17.0078 8.35029 16.973 8.51277 16.9053C8.67525 16.8376 8.82272 16.7384 8.94667 16.6134L15.6133 9.94675C15.7347 9.81995 15.8299 9.67042 15.8933 9.50675C16.0267 9.18214 16.0267 8.81803 15.8933 8.49342Z\" fill=\"#2183DF\" \/><\/svg>\n\t\t\t\t\t\t\t\t\t\t\t\t<\/span>\n\t\t\t<\/h2>\n\t\t<\/div>\n\t\t\t<\/div>\n<\/div>\n<div class=\"wpte-trip-category style-1\">\n\t<div class=\"wpte-inner-container\">\n\t\t<div class=\"wpte-trip-category-img-wrap\">\n\t\t\t<figure class=\"thumbnail\">\n\t\t\t\t\t\t\t\t<a href=\"https:\/\/ahegypttrips.com\/fr\/trip-types\/sightseeing\/\">\n\t\t\t\t\t<img decoding=\"async\" data-src=\"https:\/\/ahegypttrips.com\/wp-content\/uploads\/2025\/11\/Sightseeing-Tours-900x490.png\" alt=\"Sightseeing Tours\" src=\"data:image\/svg+xml;base64,PHN2ZyB3aWR0aD0iMSIgaGVpZ2h0PSIxIiB4bWxucz0iaHR0cDovL3d3dy53My5vcmcvMjAwMC9zdmciPjwvc3ZnPg==\" class=\"lazyload\" style=\"--smush-placeholder-width: 900px; --smush-placeholder-aspect-ratio: 900\/490;\" \/>\n\t\t\t\t<\/a>\n\t\t\t\t\t\t\t<\/figure>\n\t\t<\/div>\n\t\t\t\t\t<div class=\"wpte-trip-category-text-wrap\">\n\t\t\t\t<h2 class=\"wpte-trip-category-title\"><a href=\"https:\/\/ahegypttrips.com\/fr\/trip-types\/sightseeing\/\">Visites Touristiques<\/a>\n\t\t\t\t\t\t\t\t\t\t<span class=\"trip-count\">4 Voyages Incontournables<\/span>\n\t\t\t\t\t\t\t\t\t<span class=\"wpte-icon\">\n\t\t\t\t\t\t\t\t\t\t\t\t<svg width=\"16\" height=\"18\" viewbox=\"0 0 16 18\" fill=\"none\" xmlns=\"http:\/\/www.w3.org\/2000\/svg\"><path d=\"M15.8933 8.49342C15.8299 8.32975 15.7347 8.18022 15.6133 8.05342L8.94667 1.38675C8.82235 1.26243 8.67476 1.16382 8.51233 1.09654C8.3499 1.02926 8.17581 0.994629 8 0.994629C7.64493 0.994629 7.30441 1.13568 7.05333 1.38675C6.92902 1.51107 6.8304 1.65866 6.76312 1.82109C6.69584 1.98352 6.66121 2.15761 6.66121 2.33342C6.66121 2.68849 6.80226 3.02901 7.05333 3.28008L11.4533 7.66675H1.33333C0.979711 7.66675 0.640573 7.80723 0.390525 8.05728C0.140476 8.30733 0 8.64646 0 9.00009C0 9.35371 0.140476 9.69285 0.390525 9.94289C0.640573 10.1929 0.979711 10.3334 1.33333 10.3334H11.4533L7.05333 14.7201C6.92836 14.844 6.82917 14.9915 6.76148 15.154C6.69379 15.3165 6.65894 15.4907 6.65894 15.6668C6.65894 15.8428 6.69379 16.017 6.76148 16.1795C6.82917 16.342 6.92836 16.4895 7.05333 16.6134C7.17728 16.7384 7.32475 16.8376 7.48723 16.9053C7.64971 16.973 7.82398 17.0078 8 17.0078C8.17602 17.0078 8.35029 16.973 8.51277 16.9053C8.67525 16.8376 8.82272 16.7384 8.94667 16.6134L15.6133 9.94675C15.7347 9.81995 15.8299 9.67042 15.8933 9.50675C16.0267 9.18214 16.0267 8.81803 15.8933 8.49342Z\" fill=\"#2183DF\" \/><\/svg>\n\t\t\t\t\t\t\t\t\t\t\t\t<\/span>\n\t\t\t<\/h2>\n\t\t<\/div>\n\t\t\t<\/div>\n<\/div>\n\t<\/div>\n\t<\/div>\n\t\t\t\t\t<\/div>\n\t\t\t\t<\/div>\n\t\t\t\t\t<\/div>\n\t\t\t\t<\/div>\n\t\t<div class=\"elementor-element elementor-element-2f2483f e-flex e-con-boxed e-con e-parent\" data-id=\"2f2483f\" data-element_type=\"container\" data-e-type=\"container\">\n\t\t\t\t\t<div class=\"e-con-inner\">\n\t\t\t\t<div class=\"elementor-element elementor-element-8b42a87 elementor-widget elementor-widget-travolobutton\" data-id=\"8b42a87\" data-element_type=\"widget\" data-e-type=\"widget\" data-widget_type=\"travolobutton.default\">\n\t\t\t\t<div class=\"elementor-widget-container\">\n\t\t\t\t\t<!-- Button --><div class=\"btn-wrapper\"><a class=\"vs-btn style4\" href=\"https:\/\/ahegypttrips.com\/fr\/all-tours\/\">Cliquez Ici<\/a><\/div><!-- End Button -->\t\t\t\t<\/div>\n\t\t\t\t<\/div>\n\t\t\t\t\t<\/div>\n\t\t\t\t<\/div>\n\t\t\t\t<\/div>","protected":false},"excerpt":{"rendered":"<p>Address Sheraton St, Hurghada, Egypt Contact Mobile: +32479915527 Mail: info@ahegypttrips.com Office Hour Monday &#8211; Friday: 8:30 &#8211; 22:00 Saturday &amp; Sunday: 9:30 &#8211; 21:30 Contact Us Get In Touch We\u2019d love to hear from you! Whether you\u2019re ready to book your next adventure or just have a few questions, our team is here to help&#8230;.<\/p>","protected":false},"author":1,"featured_media":0,"parent":0,"menu_order":0,"comment_status":"closed","ping_status":"closed","template":"template-builder.php","meta":{"footnotes":""},"class_list":["post-26","page","type-page","status-publish","hentry"],"_links":{"self":[{"href":"https:\/\/ahegypttrips.com\/fr\/wp-json\/wp\/v2\/pages\/26","targetHints":{"allow":["GET"]}}],"collection":[{"href":"https:\/\/ahegypttrips.com\/fr\/wp-json\/wp\/v2\/pages"}],"about":[{"href":"https:\/\/ahegypttrips.com\/fr\/wp-json\/wp\/v2\/types\/page"}],"author":[{"embeddable":true,"href":"https:\/\/ahegypttrips.com\/fr\/wp-json\/wp\/v2\/users\/1"}],"replies":[{"embeddable":true,"href":"https:\/\/ahegypttrips.com\/fr\/wp-json\/wp\/v2\/comments?post=26"}],"version-history":[{"count":21,"href":"https:\/\/ahegypttrips.com\/fr\/wp-json\/wp\/v2\/pages\/26\/revisions"}],"predecessor-version":[{"id":9384,"href":"https:\/\/ahegypttrips.com\/fr\/wp-json\/wp\/v2\/pages\/26\/revisions\/9384"}],"wp:attachment":[{"href":"https:\/\/ahegypttrips.com\/fr\/wp-json\/wp\/v2\/media?parent=26"}],"curies":[{"name":"wp","href":"https:\/\/api.w.org\/{rel}","templated":true}]}}